{"id":117,"date":"2024-06-14T09:11:58","date_gmt":"2024-06-14T09:11:58","guid":{"rendered":"https:\/\/frenchfriesproductionlines.com\/?page_id=117"},"modified":"2025-01-23T17:31:02","modified_gmt":"2025-01-23T09:31:02","slug":"contact-us","status":"publish","type":"page","link":"https:\/\/frenchfriesproductionlines.com\/de\/contact-us\/","title":{"rendered":"Kontaktieren Sie uns"},"content":{"rendered":"<div class=\"gb-container gb-container-4b162d08\">\n<div class=\"gb-container gb-container-9dbd9daf\">\n<div class=\"gb-container gb-container-0ac21e59\">\n\n<h2 class=\"gb-headline gb-headline-a516856c gb-headline-text\">Kontaktieren Sie uns<\/h2>\n\n\n\n<p><\/p>\n\n\n\n<p>Suchen Sie eine professionelle Pommes-Frites-Produktionslinie oder eine andere Maschine zur Lebensmittelverarbeitung? F\u00fcllen Sie einfach das Kontaktformular aus und wir melden uns bei Ihnen mit Fachberatung, ma\u00dfgeschneiderter Unterst\u00fctzung und einem Angebot. Wir versprechen, Ihre Informationen vertraulich zu behandeln. Kontaktieren Sie uns, wenn Sie Fragen zu unseren Branchen oder Projekten haben.<\/p>\n\n\n\n<div class=\"wp-block-contact-form-7-contact-form-selector\">\n<div class=\"wpcf7 no-js\" id=\"wpcf7-f30-o1\" lang=\"en-US\" dir=\"ltr\" data-wpcf7-id=\"30\">\n<div class=\"screen-reader-response\"><p role=\"status\" aria-live=\"polite\" aria-atomic=\"true\"><\/p> <ul><\/ul><\/div>\n<form action=\"\/de\/wp-json\/wp\/v2\/pages\/117#wpcf7-f30-o1\" method=\"post\" class=\"wpcf7-form init\" aria-label=\"Kontaktformular\" novalidate=\"novalidate\" data-status=\"init\" data-trp-original-action=\"\/de\/wp-json\/wp\/v2\/pages\/117#wpcf7-f30-o1\">\n<fieldset class=\"hidden-fields-container\"><input type=\"hidden\" name=\"_wpcf7\" value=\"30\" \/><input type=\"hidden\" name=\"_wpcf7_version\" value=\"6.1.5\" \/><input type=\"hidden\" name=\"_wpcf7_locale\" value=\"en_US\" \/><input type=\"hidden\" name=\"_wpcf7_unit_tag\" value=\"wpcf7-f30-o1\" \/><input type=\"hidden\" name=\"_wpcf7_container_post\" value=\"0\" \/><input type=\"hidden\" name=\"_wpcf7_posted_data_hash\" value=\"\" \/>\n<\/fieldset>\n<p><label><span class=\"wpcf7-form-control-wrap\" data-name=\"your-name\"><input size=\"40\" maxlength=\"400\" class=\"wpcf7-form-control wpcf7-text wpcf7-validates-as-required\" aria-required=\"true\" aria-invalid=\"false\" placeholder=\"Name*\" value=\"\" type=\"text\" name=\"your-name\" \/><\/span><\/label>\n<\/p>\n<p><label><span class=\"wpcf7-form-control-wrap\" data-name=\"your-email\"><input size=\"40\" maxlength=\"400\" class=\"wpcf7-form-control wpcf7-email wpcf7-validates-as-required wpcf7-text wpcf7-validates-as-email\" aria-required=\"true\" aria-invalid=\"false\" placeholder=\"E-Mail*\" value=\"\" type=\"email\" name=\"your-email\" \/><\/span><\/label>\n<\/p>\n<p><label><span class=\"wpcf7-form-control-wrap\" data-name=\"your-tel\"><input size=\"40\" maxlength=\"400\" class=\"wpcf7-form-control wpcf7-tel wpcf7-validates-as-required wpcf7-text wpcf7-validates-as-tel\" aria-required=\"true\" aria-invalid=\"false\" placeholder=\"Telefon*\" value=\"\" type=\"tel\" name=\"your-tel\" \/><\/span><\/label>\n<\/p>\n<p><label><span class=\"wpcf7-form-control-wrap\" data-name=\"your-message\"><textarea cols=\"40\" rows=\"10\" maxlength=\"2000\" class=\"wpcf7-form-control wpcf7-textarea wpcf7-validates-as-required\" aria-required=\"true\" aria-invalid=\"false\" placeholder=\"Nachricht*:1. Wie hoch ist Ihre Kapazit\u00e4t?2. Ihre erwarteten Endprodukte? (Tiefk\u00fchlpommes oder Chips)\" name=\"your-message\"><\/textarea><\/span> <\/label>\n<\/p>\n<p><input class=\"wpcf7-form-control wpcf7-submit has-spinner\" type=\"submit\" value=\"Einreichen\" \/>\n<\/p><input type='hidden' class='wpcf7-pum' value='{\"closepopup\":false,\"closedelay\":0,\"openpopup\":false,\"openpopup_id\":0}' \/><div class=\"wpcf7-response-output\" aria-hidden=\"true\"><\/div>\n<input type=\"hidden\" name=\"trp-form-language\" value=\"de\"\/><\/form>\n<\/div>\n<\/div>\n\n<\/div>\n<\/div>\n<\/div>","protected":false},"excerpt":{"rendered":"<p>Kontaktieren Sie uns Suchen Sie eine professionelle Pommes-Frites-Produktionslinie oder eine andere Lebensmittelverarbeitungsmaschine? F\u00fcllen Sie einfach das Kontaktformular aus \u2026 <\/p>\n<p class=\"read-more-container\"><a title=\"Kontaktieren Sie uns\" class=\"read-more button\" href=\"https:\/\/frenchfriesproductionlines.com\/de\/contact-us\/#more-117\" aria-label=\"Weitere Informationen \u00fcber Kontaktieren Sie uns\">Mehr lesen<\/a><\/p>","protected":false},"author":2,"featured_media":0,"parent":0,"menu_order":0,"comment_status":"closed","ping_status":"closed","template":"","meta":{"footnotes":""},"class_list":{"0":"post-117","1":"page","2":"type-page","3":"status-publish","5":"no-featured-image-padding"},"_links":{"self":[{"href":"https:\/\/frenchfriesproductionlines.com\/de\/wp-json\/wp\/v2\/pages\/117","targetHints":{"allow":["GET"]}}],"collection":[{"href":"https:\/\/frenchfriesproductionlines.com\/de\/wp-json\/wp\/v2\/pages"}],"about":[{"href":"https:\/\/frenchfriesproductionlines.com\/de\/wp-json\/wp\/v2\/types\/page"}],"author":[{"embeddable":true,"href":"https:\/\/frenchfriesproductionlines.com\/de\/wp-json\/wp\/v2\/users\/2"}],"replies":[{"embeddable":true,"href":"https:\/\/frenchfriesproductionlines.com\/de\/wp-json\/wp\/v2\/comments?post=117"}],"version-history":[{"count":0,"href":"https:\/\/frenchfriesproductionlines.com\/de\/wp-json\/wp\/v2\/pages\/117\/revisions"}],"wp:attachment":[{"href":"https:\/\/frenchfriesproductionlines.com\/de\/wp-json\/wp\/v2\/media?parent=117"}],"curies":[{"name":"wp","href":"https:\/\/api.w.org\/{rel}","templated":true}]}}