{"id":2494,"date":"2024-08-15T14:36:52","date_gmt":"2024-08-15T06:36:52","guid":{"rendered":"https:\/\/frenchfriesproductionlines.com\/?page_id=2494"},"modified":"2024-08-15T14:36:54","modified_gmt":"2024-08-15T06:36:54","slug":"various-scale-french-fries-production-line","status":"publish","type":"page","link":"https:\/\/frenchfriesproductionlines.com\/it\/various-scale-french-fries-production-line\/","title":{"rendered":"Linea di produzione di patatine fritte su scala varia"},"content":{"rendered":"<p>Disponiamo di una linea di produzione di patatine fritte di varie dimensioni in vendita a caldo, tra cui una linea di produzione di patatine fritte da 200 kg\/h, una linea di produzione di patatine fritte da 300 kg\/h, una linea di produzione di patatine fritte surgelate da 500 kg\/h, ecc. Possiamo anche fornire un design personalizzato in base alle tue reali esigenze. Ogni macchina della singola linea di produzione \u00e8 di alta qualit\u00e0 e ha una garanzia di qualit\u00e0. Le capacit\u00e0 da 50 kg\/h a 2000 kg\/h sono in vendita a caldo. Se hai bisogno di una capacit\u00e0 superiore a 2000 kg\/h, la linea di produzione dovrebbe essere personalizzata.<\/p>\n\n\n<div class=\"gb-container gb-container-8f932395\">\n<div class=\"pt-cv-wrapper\"><div class=\"pt-cv-view pt-cv-grid pt-cv-colsys\" id=\"pt-cv-view-9810865xz3\"><div data-id=\"pt-cv-page-1\" class=\"pt-cv-page\" data-cvc=\"4\"><div class=\"col-md-3 col-sm-6 col-xs-12 pt-cv-content-item pt-cv-1-col\" ><div class='pt-cv-ifield'><a href=\"https:\/\/frenchfriesproductionlines.com\/it\/300kg-h-automatic-frozen-french-fries-line\/\" class=\"_self pt-cv-href-thumbnail pt-cv-thumb-default\" target=\"_self\" ><img decoding=\"async\" width=\"300\" height=\"225\" src=\"https:\/\/frenchfriesproductionlines.com\/wp-content\/uploads\/2024\/12\/300kgh-automatic-french-frozen-fries-line-300x225.jpg\" class=\"pt-cv-thumbnail\" alt=\"Linea automatica per patatine fritte surgelate da 300 kg\/h\" srcset=\"https:\/\/frenchfriesproductionlines.com\/wp-content\/uploads\/2024\/12\/300kgh-automatic-french-frozen-fries-line-300x225.jpg 300w, https:\/\/frenchfriesproductionlines.com\/wp-content\/uploads\/2024\/12\/300kgh-automatic-french-frozen-fries-line-768x576.jpg 768w, https:\/\/frenchfriesproductionlines.com\/wp-content\/uploads\/2024\/12\/300kgh-automatic-french-frozen-fries-line.jpg 800w\" sizes=\"(max-width: 300px) 100vw, 300px\" \/><\/a>\n<h4 class=\"pt-cv-title\"><a href=\"https:\/\/frenchfriesproductionlines.com\/it\/300kg-h-automatic-frozen-french-fries-line\/\" class=\"_self\" target=\"_self\" >Linea automatica per patatine fritte surgelate da 300 kg\/h<\/a><\/h4><\/div><\/div>\n<div class=\"col-md-3 col-sm-6 col-xs-12 pt-cv-content-item pt-cv-1-col\" ><div class='pt-cv-ifield'><a href=\"https:\/\/frenchfriesproductionlines.com\/it\/frozen-french-fries-production-line-200-kg-h\/\" class=\"_self pt-cv-href-thumbnail pt-cv-thumb-default\" target=\"_self\" ><img decoding=\"async\" width=\"300\" height=\"225\" src=\"https:\/\/frenchfriesproductionlines.com\/wp-content\/uploads\/2024\/08\/small-scale-frozen-french-fries-production-line-300x225.jpg\" class=\"pt-cv-thumbnail\" alt=\"piccolo impianto di patatine fritte surgelate\" srcset=\"https:\/\/frenchfriesproductionlines.com\/wp-content\/uploads\/2024\/08\/small-scale-frozen-french-fries-production-line-300x225.jpg 300w, https:\/\/frenchfriesproductionlines.com\/wp-content\/uploads\/2024\/08\/small-scale-frozen-french-fries-production-line-768x576.jpg 768w, https:\/\/frenchfriesproductionlines.com\/wp-content\/uploads\/2024\/08\/small-scale-frozen-french-fries-production-line.jpg 800w\" sizes=\"(max-width: 300px) 100vw, 300px\" \/><\/a>\n<h4 class=\"pt-cv-title\"><a href=\"https:\/\/frenchfriesproductionlines.com\/it\/frozen-french-fries-production-line-200-kg-h\/\" class=\"_self\" target=\"_self\" >Linea di produzione di patatine fritte surgelate 200 kg\/h<\/a><\/h4><\/div><\/div>\n<div class=\"col-md-3 col-sm-6 col-xs-12 pt-cv-content-item pt-cv-1-col\" ><div class='pt-cv-ifield'><a href=\"https:\/\/frenchfriesproductionlines.com\/it\/3000kgh-automatic-frozen-french-fries-production-line\/\" class=\"_self pt-cv-href-thumbnail pt-cv-thumb-default\" target=\"_self\" ><img decoding=\"async\" width=\"300\" height=\"225\" src=\"https:\/\/frenchfriesproductionlines.com\/wp-content\/uploads\/2024\/08\/french-fries-line-300x225.jpg\" class=\"pt-cv-thumbnail\" alt=\"patatine fritte in saldo\" srcset=\"https:\/\/frenchfriesproductionlines.com\/wp-content\/uploads\/2024\/08\/french-fries-line-300x225.jpg 300w, https:\/\/frenchfriesproductionlines.com\/wp-content\/uploads\/2024\/08\/french-fries-line-768x576.jpg 768w, https:\/\/frenchfriesproductionlines.com\/wp-content\/uploads\/2024\/08\/french-fries-line.jpg 800w\" sizes=\"(max-width: 300px) 100vw, 300px\" \/><\/a>\n<h4 class=\"pt-cv-title\"><a href=\"https:\/\/frenchfriesproductionlines.com\/it\/3000kgh-automatic-frozen-french-fries-production-line\/\" class=\"_self\" target=\"_self\" >Linea di produzione automatica di patatine fritte surgelate da 3000 kgh<\/a><\/h4><\/div><\/div>\n<div class=\"col-md-3 col-sm-6 col-xs-12 pt-cv-content-item pt-cv-1-col\" ><div class='pt-cv-ifield'><a href=\"https:\/\/frenchfriesproductionlines.com\/it\/1000kg-h-automatic-frozen-french-fries-production-line\/\" class=\"_self pt-cv-href-thumbnail pt-cv-thumb-default\" target=\"_self\" ><img decoding=\"async\" width=\"300\" height=\"225\" src=\"https:\/\/frenchfriesproductionlines.com\/wp-content\/uploads\/2024\/08\/french-fries-machine-line-300x225.jpg\" class=\"pt-cv-thumbnail\" alt=\"linea di macchine per patatine fritte\" srcset=\"https:\/\/frenchfriesproductionlines.com\/wp-content\/uploads\/2024\/08\/french-fries-machine-line-300x225.jpg 300w, https:\/\/frenchfriesproductionlines.com\/wp-content\/uploads\/2024\/08\/french-fries-machine-line-768x576.jpg 768w, https:\/\/frenchfriesproductionlines.com\/wp-content\/uploads\/2024\/08\/french-fries-machine-line.jpg 800w\" sizes=\"(max-width: 300px) 100vw, 300px\" \/><\/a>\n<h4 class=\"pt-cv-title\"><a href=\"https:\/\/frenchfriesproductionlines.com\/it\/1000kg-h-automatic-frozen-french-fries-production-line\/\" class=\"_self\" target=\"_self\" >Linea di produzione automatica di patatine fritte surgelate da 1000 kg\/h<\/a><\/h4><\/div><\/div>\n<div class=\"col-md-3 col-sm-6 col-xs-12 pt-cv-content-item pt-cv-1-col\" ><div class='pt-cv-ifield'><a href=\"https:\/\/frenchfriesproductionlines.com\/it\/100kg-semi-automatic-french-fries-plant\/\" class=\"_self pt-cv-href-thumbnail pt-cv-thumb-default\" target=\"_self\" ><img decoding=\"async\" width=\"300\" height=\"225\" src=\"https:\/\/frenchfriesproductionlines.com\/wp-content\/uploads\/2024\/08\/small-frozen-french-fries-plant-300x225.jpg\" class=\"pt-cv-thumbnail\" alt=\"piccolo impianto di patatine fritte surgelate\" srcset=\"https:\/\/frenchfriesproductionlines.com\/wp-content\/uploads\/2024\/08\/small-frozen-french-fries-plant-300x225.jpg 300w, https:\/\/frenchfriesproductionlines.com\/wp-content\/uploads\/2024\/08\/small-frozen-french-fries-plant-768x576.jpg 768w, https:\/\/frenchfriesproductionlines.com\/wp-content\/uploads\/2024\/08\/small-frozen-french-fries-plant.jpg 800w\" sizes=\"(max-width: 300px) 100vw, 300px\" \/><\/a>\n<h4 class=\"pt-cv-title\"><a href=\"https:\/\/frenchfriesproductionlines.com\/it\/100kg-semi-automatic-french-fries-plant\/\" class=\"_self\" target=\"_self\" >Impianto semiautomatico per patatine fritte da 100 kg<\/a><\/h4><\/div><\/div>\n<div class=\"col-md-3 col-sm-6 col-xs-12 pt-cv-content-item pt-cv-1-col\" ><div class='pt-cv-ifield'><a href=\"https:\/\/frenchfriesproductionlines.com\/it\/70kg-small-scale-frozen-french-fries-production-line-for-sale\/\" class=\"_self pt-cv-href-thumbnail pt-cv-thumb-default\" target=\"_self\" ><img decoding=\"async\" width=\"300\" height=\"225\" src=\"https:\/\/frenchfriesproductionlines.com\/wp-content\/uploads\/2024\/08\/fully-automatic-potato-french-fries-production-line-300x225.jpg\" class=\"pt-cv-thumbnail\" alt=\"linea di produzione di patatine fritte completamente automatica\" srcset=\"https:\/\/frenchfriesproductionlines.com\/wp-content\/uploads\/2024\/08\/fully-automatic-potato-french-fries-production-line-300x225.jpg 300w, https:\/\/frenchfriesproductionlines.com\/wp-content\/uploads\/2024\/08\/fully-automatic-potato-french-fries-production-line-768x576.jpg 768w, https:\/\/frenchfriesproductionlines.com\/wp-content\/uploads\/2024\/08\/fully-automatic-potato-french-fries-production-line.jpg 800w\" sizes=\"(max-width: 300px) 100vw, 300px\" \/><\/a>\n<h4 class=\"pt-cv-title\"><a href=\"https:\/\/frenchfriesproductionlines.com\/it\/70kg-small-scale-frozen-french-fries-production-line-for-sale\/\" class=\"_self\" target=\"_self\" >Linea di produzione di patatine fritte surgelate su piccola scala da 70 kg in vendita<\/a><\/h4><\/div><\/div>\n<div class=\"col-md-3 col-sm-6 col-xs-12 pt-cv-content-item pt-cv-1-col\" ><div class='pt-cv-ifield'><a href=\"https:\/\/frenchfriesproductionlines.com\/it\/frozen-french-fries-production-line-400kg-to-800kg\/\" class=\"_self pt-cv-href-thumbnail pt-cv-thumb-default\" target=\"_self\" ><img decoding=\"async\" width=\"300\" height=\"225\" src=\"https:\/\/frenchfriesproductionlines.com\/wp-content\/uploads\/2024\/08\/3000kgh-automatic-frozen-french-fries-production-line-300x225.jpg\" class=\"pt-cv-thumbnail\" alt=\"Linea di produzione automatica di patatine fritte surgelate da 3000 kgh\" srcset=\"https:\/\/frenchfriesproductionlines.com\/wp-content\/uploads\/2024\/08\/3000kgh-automatic-frozen-french-fries-production-line-300x225.jpg 300w, https:\/\/frenchfriesproductionlines.com\/wp-content\/uploads\/2024\/08\/3000kgh-automatic-frozen-french-fries-production-line-768x576.jpg 768w, https:\/\/frenchfriesproductionlines.com\/wp-content\/uploads\/2024\/08\/3000kgh-automatic-frozen-french-fries-production-line.jpg 800w\" sizes=\"(max-width: 300px) 100vw, 300px\" \/><\/a>\n<h4 class=\"pt-cv-title\"><a href=\"https:\/\/frenchfriesproductionlines.com\/it\/frozen-french-fries-production-line-400kg-to-800kg\/\" class=\"_self\" target=\"_self\" >Linea di produzione di patatine fritte surgelate da 400 kg a 800 kg<\/a><\/h4><\/div><\/div>\n<div class=\"col-md-3 col-sm-6 col-xs-12 pt-cv-content-item pt-cv-1-col\" ><div class='pt-cv-ifield'><a href=\"https:\/\/frenchfriesproductionlines.com\/it\/500kg-frozen-french-fries-production-line\/\" class=\"_self pt-cv-href-thumbnail pt-cv-thumb-default\" target=\"_self\" ><img decoding=\"async\" width=\"300\" height=\"225\" src=\"https:\/\/frenchfriesproductionlines.com\/wp-content\/uploads\/2024\/08\/automatic-frozen-fries-plant-300x225.jpg\" class=\"pt-cv-thumbnail\" alt=\"impianto automatico per patatine fritte surgelate in vendita\" srcset=\"https:\/\/frenchfriesproductionlines.com\/wp-content\/uploads\/2024\/08\/automatic-frozen-fries-plant-300x225.jpg 300w, https:\/\/frenchfriesproductionlines.com\/wp-content\/uploads\/2024\/08\/automatic-frozen-fries-plant-768x576.jpg 768w, https:\/\/frenchfriesproductionlines.com\/wp-content\/uploads\/2024\/08\/automatic-frozen-fries-plant.jpg 800w\" sizes=\"(max-width: 300px) 100vw, 300px\" \/><\/a>\n<h4 class=\"pt-cv-title\"><a href=\"https:\/\/frenchfriesproductionlines.com\/it\/500kg-frozen-french-fries-production-line\/\" class=\"_self\" target=\"_self\" >Linea di produzione di patatine fritte surgelate da 500 kg<\/a><\/h4><\/div><\/div><\/div><\/div><\/div>\n<\/div>","protected":false},"excerpt":{"rendered":"<p>Abbiamo la linea di produzione delle patatine fritte di varia scala di vendita calda, compreso la linea di produzione delle patatine fritte 200kg\/h, 300kg\/h ... <\/p>\n<p class=\"read-more-container\"><a title=\"Linea di produzione di patatine fritte su scala varia\" class=\"read-more button\" href=\"https:\/\/frenchfriesproductionlines.com\/it\/various-scale-french-fries-production-line\/#more-2494\" aria-label=\"Per saperne di pi\u00f9 su Linea di produzione di patatine fritte su varia scala\">Per saperne di pi\u00f9<\/a><\/p>","protected":false},"author":2,"featured_media":0,"parent":0,"menu_order":0,"comment_status":"closed","ping_status":"closed","template":"","meta":{"footnotes":""},"class_list":{"0":"post-2494","1":"page","2":"type-page","3":"status-publish","5":"no-featured-image-padding"},"_links":{"self":[{"href":"https:\/\/frenchfriesproductionlines.com\/it\/wp-json\/wp\/v2\/pages\/2494","targetHints":{"allow":["GET"]}}],"collection":[{"href":"https:\/\/frenchfriesproductionlines.com\/it\/wp-json\/wp\/v2\/pages"}],"about":[{"href":"https:\/\/frenchfriesproductionlines.com\/it\/wp-json\/wp\/v2\/types\/page"}],"author":[{"embeddable":true,"href":"https:\/\/frenchfriesproductionlines.com\/it\/wp-json\/wp\/v2\/users\/2"}],"replies":[{"embeddable":true,"href":"https:\/\/frenchfriesproductionlines.com\/it\/wp-json\/wp\/v2\/comments?post=2494"}],"version-history":[{"count":0,"href":"https:\/\/frenchfriesproductionlines.com\/it\/wp-json\/wp\/v2\/pages\/2494\/revisions"}],"wp:attachment":[{"href":"https:\/\/frenchfriesproductionlines.com\/it\/wp-json\/wp\/v2\/media?parent=2494"}],"curies":[{"name":"wp","href":"https:\/\/api.w.org\/{rel}","templated":true}]}}