{"id":2494,"date":"2024-08-15T14:36:52","date_gmt":"2024-08-15T06:36:52","guid":{"rendered":"https:\/\/frenchfriesproductionlines.com\/?page_id=2494"},"modified":"2024-08-15T14:36:54","modified_gmt":"2024-08-15T06:36:54","slug":"various-scale-french-fries-production-line","status":"publish","type":"page","link":"https:\/\/frenchfriesproductionlines.com\/pt\/various-scale-french-fries-production-line\/","title":{"rendered":"Linha de produ\u00e7\u00e3o de batatas fritas em v\u00e1rias escalas"},"content":{"rendered":"<p>Temos v\u00e1rias linhas de produ\u00e7\u00e3o de batatas fritas em escala de venda quente, incluindo linha de produ\u00e7\u00e3o de batatas fritas de 200 kg\/h, linha de produ\u00e7\u00e3o de batatas fritas de 300 kg\/h, linha de produ\u00e7\u00e3o de batatas fritas congeladas de 500 kg\/h, etc. Tamb\u00e9m podemos fornecer design personalizado de acordo com suas necessidades reais. Cada m\u00e1quina da linha de produ\u00e7\u00e3o \u00fanica \u00e9 de alta qualidade e tem garantia de qualidade. Capacidades de 50 kg\/h a 2000 kg\/h s\u00e3o de venda quente. Se voc\u00ea precisar de capacidade acima de 2000 kg\/h, a linha de produ\u00e7\u00e3o deve ser personalizada.<\/p>\n\n\n<div class=\"gb-container gb-container-8f932395\">\n<div class=\"pt-cv-wrapper\"><div class=\"pt-cv-view pt-cv-grid pt-cv-colsys\" id=\"pt-cv-view-9810865xz3\"><div data-id=\"pt-cv-page-1\" class=\"pt-cv-page\" data-cvc=\"4\"><div class=\"col-md-3 col-sm-6 col-xs-12 pt-cv-content-item pt-cv-1-col\" ><div class='pt-cv-ifield'><a href=\"https:\/\/frenchfriesproductionlines.com\/pt\/300kg-h-automatic-frozen-french-fries-line\/\" class=\"_self pt-cv-href-thumbnail pt-cv-thumb-default\" target=\"_self\" ><img decoding=\"async\" width=\"300\" height=\"225\" src=\"https:\/\/frenchfriesproductionlines.com\/wp-content\/uploads\/2024\/12\/300kgh-automatic-french-frozen-fries-line-300x225.jpg\" class=\"pt-cv-thumbnail\" alt=\"Linha autom\u00e1tica de batatas fritas congeladas 300kg\/h\" srcset=\"https:\/\/frenchfriesproductionlines.com\/wp-content\/uploads\/2024\/12\/300kgh-automatic-french-frozen-fries-line-300x225.jpg 300w, https:\/\/frenchfriesproductionlines.com\/wp-content\/uploads\/2024\/12\/300kgh-automatic-french-frozen-fries-line-768x576.jpg 768w, https:\/\/frenchfriesproductionlines.com\/wp-content\/uploads\/2024\/12\/300kgh-automatic-french-frozen-fries-line.jpg 800w\" sizes=\"(max-width: 300px) 100vw, 300px\" \/><\/a>\n<h4 class=\"pt-cv-title\"><a href=\"https:\/\/frenchfriesproductionlines.com\/pt\/300kg-h-automatic-frozen-french-fries-line\/\" class=\"_self\" target=\"_self\" >Linha autom\u00e1tica de batatas fritas congeladas 300kg\/h<\/a><\/h4><\/div><\/div>\n<div class=\"col-md-3 col-sm-6 col-xs-12 pt-cv-content-item pt-cv-1-col\" ><div class='pt-cv-ifield'><a href=\"https:\/\/frenchfriesproductionlines.com\/pt\/frozen-french-fries-production-line-200-kg-h\/\" class=\"_self pt-cv-href-thumbnail pt-cv-thumb-default\" target=\"_self\" ><img decoding=\"async\" width=\"300\" height=\"225\" src=\"https:\/\/frenchfriesproductionlines.com\/wp-content\/uploads\/2024\/08\/small-scale-frozen-french-fries-production-line-300x225.jpg\" class=\"pt-cv-thumbnail\" alt=\"pequena planta de batata frita congelada\" srcset=\"https:\/\/frenchfriesproductionlines.com\/wp-content\/uploads\/2024\/08\/small-scale-frozen-french-fries-production-line-300x225.jpg 300w, https:\/\/frenchfriesproductionlines.com\/wp-content\/uploads\/2024\/08\/small-scale-frozen-french-fries-production-line-768x576.jpg 768w, https:\/\/frenchfriesproductionlines.com\/wp-content\/uploads\/2024\/08\/small-scale-frozen-french-fries-production-line.jpg 800w\" sizes=\"(max-width: 300px) 100vw, 300px\" \/><\/a>\n<h4 class=\"pt-cv-title\"><a href=\"https:\/\/frenchfriesproductionlines.com\/pt\/frozen-french-fries-production-line-200-kg-h\/\" class=\"_self\" target=\"_self\" >Linha de produ\u00e7\u00e3o de batatas fritas congeladas 200 kg\/h<\/a><\/h4><\/div><\/div>\n<div class=\"col-md-3 col-sm-6 col-xs-12 pt-cv-content-item pt-cv-1-col\" ><div class='pt-cv-ifield'><a href=\"https:\/\/frenchfriesproductionlines.com\/pt\/3000kgh-automatic-frozen-french-fries-production-line\/\" class=\"_self pt-cv-href-thumbnail pt-cv-thumb-default\" target=\"_self\" ><img decoding=\"async\" width=\"300\" height=\"225\" src=\"https:\/\/frenchfriesproductionlines.com\/wp-content\/uploads\/2024\/08\/french-fries-line-300x225.jpg\" class=\"pt-cv-thumbnail\" alt=\"linha de batatas fritas promo\u00e7\u00e3o imperd\u00edvel\" srcset=\"https:\/\/frenchfriesproductionlines.com\/wp-content\/uploads\/2024\/08\/french-fries-line-300x225.jpg 300w, https:\/\/frenchfriesproductionlines.com\/wp-content\/uploads\/2024\/08\/french-fries-line-768x576.jpg 768w, https:\/\/frenchfriesproductionlines.com\/wp-content\/uploads\/2024\/08\/french-fries-line.jpg 800w\" sizes=\"(max-width: 300px) 100vw, 300px\" \/><\/a>\n<h4 class=\"pt-cv-title\"><a href=\"https:\/\/frenchfriesproductionlines.com\/pt\/3000kgh-automatic-frozen-french-fries-production-line\/\" class=\"_self\" target=\"_self\" >Linha de produ\u00e7\u00e3o autom\u00e1tica de batatas fritas congeladas de 3000 kgh<\/a><\/h4><\/div><\/div>\n<div class=\"col-md-3 col-sm-6 col-xs-12 pt-cv-content-item pt-cv-1-col\" ><div class='pt-cv-ifield'><a href=\"https:\/\/frenchfriesproductionlines.com\/pt\/1000kg-h-automatic-frozen-french-fries-production-line\/\" class=\"_self pt-cv-href-thumbnail pt-cv-thumb-default\" target=\"_self\" ><img decoding=\"async\" width=\"300\" height=\"225\" src=\"https:\/\/frenchfriesproductionlines.com\/wp-content\/uploads\/2024\/08\/french-fries-machine-line-300x225.jpg\" class=\"pt-cv-thumbnail\" alt=\"linha de m\u00e1quinas de batatas fritas\" srcset=\"https:\/\/frenchfriesproductionlines.com\/wp-content\/uploads\/2024\/08\/french-fries-machine-line-300x225.jpg 300w, https:\/\/frenchfriesproductionlines.com\/wp-content\/uploads\/2024\/08\/french-fries-machine-line-768x576.jpg 768w, https:\/\/frenchfriesproductionlines.com\/wp-content\/uploads\/2024\/08\/french-fries-machine-line.jpg 800w\" sizes=\"(max-width: 300px) 100vw, 300px\" \/><\/a>\n<h4 class=\"pt-cv-title\"><a href=\"https:\/\/frenchfriesproductionlines.com\/pt\/1000kg-h-automatic-frozen-french-fries-production-line\/\" class=\"_self\" target=\"_self\" >Linha de produ\u00e7\u00e3o autom\u00e1tica de batatas fritas congeladas de 1000 kg\/h<\/a><\/h4><\/div><\/div>\n<div class=\"col-md-3 col-sm-6 col-xs-12 pt-cv-content-item pt-cv-1-col\" ><div class='pt-cv-ifield'><a href=\"https:\/\/frenchfriesproductionlines.com\/pt\/100kg-semi-automatic-french-fries-plant\/\" class=\"_self pt-cv-href-thumbnail pt-cv-thumb-default\" target=\"_self\" ><img decoding=\"async\" width=\"300\" height=\"225\" src=\"https:\/\/frenchfriesproductionlines.com\/wp-content\/uploads\/2024\/08\/small-frozen-french-fries-plant-300x225.jpg\" class=\"pt-cv-thumbnail\" alt=\"pequena planta de batata frita congelada\" srcset=\"https:\/\/frenchfriesproductionlines.com\/wp-content\/uploads\/2024\/08\/small-frozen-french-fries-plant-300x225.jpg 300w, https:\/\/frenchfriesproductionlines.com\/wp-content\/uploads\/2024\/08\/small-frozen-french-fries-plant-768x576.jpg 768w, https:\/\/frenchfriesproductionlines.com\/wp-content\/uploads\/2024\/08\/small-frozen-french-fries-plant.jpg 800w\" sizes=\"(max-width: 300px) 100vw, 300px\" \/><\/a>\n<h4 class=\"pt-cv-title\"><a href=\"https:\/\/frenchfriesproductionlines.com\/pt\/100kg-semi-automatic-french-fries-plant\/\" class=\"_self\" target=\"_self\" >Planta de Batatas Fritas Semi-autom\u00e1tica de 100 kg<\/a><\/h4><\/div><\/div>\n<div class=\"col-md-3 col-sm-6 col-xs-12 pt-cv-content-item pt-cv-1-col\" ><div class='pt-cv-ifield'><a href=\"https:\/\/frenchfriesproductionlines.com\/pt\/70kg-small-scale-frozen-french-fries-production-line-for-sale\/\" class=\"_self pt-cv-href-thumbnail pt-cv-thumb-default\" target=\"_self\" ><img decoding=\"async\" width=\"300\" height=\"225\" src=\"https:\/\/frenchfriesproductionlines.com\/wp-content\/uploads\/2024\/08\/fully-automatic-potato-french-fries-production-line-300x225.jpg\" class=\"pt-cv-thumbnail\" alt=\"linha de produ\u00e7\u00e3o de batata frita totalmente autom\u00e1tica\" srcset=\"https:\/\/frenchfriesproductionlines.com\/wp-content\/uploads\/2024\/08\/fully-automatic-potato-french-fries-production-line-300x225.jpg 300w, https:\/\/frenchfriesproductionlines.com\/wp-content\/uploads\/2024\/08\/fully-automatic-potato-french-fries-production-line-768x576.jpg 768w, https:\/\/frenchfriesproductionlines.com\/wp-content\/uploads\/2024\/08\/fully-automatic-potato-french-fries-production-line.jpg 800w\" sizes=\"(max-width: 300px) 100vw, 300px\" \/><\/a>\n<h4 class=\"pt-cv-title\"><a href=\"https:\/\/frenchfriesproductionlines.com\/pt\/70kg-small-scale-frozen-french-fries-production-line-for-sale\/\" class=\"_self\" target=\"_self\" >Linha de produ\u00e7\u00e3o de batatas fritas congeladas em pequena escala de 70 kg para venda<\/a><\/h4><\/div><\/div>\n<div class=\"col-md-3 col-sm-6 col-xs-12 pt-cv-content-item pt-cv-1-col\" ><div class='pt-cv-ifield'><a href=\"https:\/\/frenchfriesproductionlines.com\/pt\/frozen-french-fries-production-line-400kg-to-800kg\/\" class=\"_self pt-cv-href-thumbnail pt-cv-thumb-default\" target=\"_self\" ><img decoding=\"async\" width=\"300\" height=\"225\" src=\"https:\/\/frenchfriesproductionlines.com\/wp-content\/uploads\/2024\/08\/3000kgh-automatic-frozen-french-fries-production-line-300x225.jpg\" class=\"pt-cv-thumbnail\" alt=\"Linha de produ\u00e7\u00e3o autom\u00e1tica de batatas fritas congeladas de 3000 kgh\" srcset=\"https:\/\/frenchfriesproductionlines.com\/wp-content\/uploads\/2024\/08\/3000kgh-automatic-frozen-french-fries-production-line-300x225.jpg 300w, https:\/\/frenchfriesproductionlines.com\/wp-content\/uploads\/2024\/08\/3000kgh-automatic-frozen-french-fries-production-line-768x576.jpg 768w, https:\/\/frenchfriesproductionlines.com\/wp-content\/uploads\/2024\/08\/3000kgh-automatic-frozen-french-fries-production-line.jpg 800w\" sizes=\"(max-width: 300px) 100vw, 300px\" \/><\/a>\n<h4 class=\"pt-cv-title\"><a href=\"https:\/\/frenchfriesproductionlines.com\/pt\/frozen-french-fries-production-line-400kg-to-800kg\/\" class=\"_self\" target=\"_self\" >Linha de produ\u00e7\u00e3o de batatas fritas congeladas de 400 kg a 800 kg<\/a><\/h4><\/div><\/div>\n<div class=\"col-md-3 col-sm-6 col-xs-12 pt-cv-content-item pt-cv-1-col\" ><div class='pt-cv-ifield'><a href=\"https:\/\/frenchfriesproductionlines.com\/pt\/500kg-frozen-french-fries-production-line\/\" class=\"_self pt-cv-href-thumbnail pt-cv-thumb-default\" target=\"_self\" ><img decoding=\"async\" width=\"300\" height=\"225\" src=\"https:\/\/frenchfriesproductionlines.com\/wp-content\/uploads\/2024\/08\/automatic-frozen-fries-plant-300x225.jpg\" class=\"pt-cv-thumbnail\" alt=\"planta autom\u00e1tica de batatas fritas congeladas para venda\" srcset=\"https:\/\/frenchfriesproductionlines.com\/wp-content\/uploads\/2024\/08\/automatic-frozen-fries-plant-300x225.jpg 300w, https:\/\/frenchfriesproductionlines.com\/wp-content\/uploads\/2024\/08\/automatic-frozen-fries-plant-768x576.jpg 768w, https:\/\/frenchfriesproductionlines.com\/wp-content\/uploads\/2024\/08\/automatic-frozen-fries-plant.jpg 800w\" sizes=\"(max-width: 300px) 100vw, 300px\" \/><\/a>\n<h4 class=\"pt-cv-title\"><a href=\"https:\/\/frenchfriesproductionlines.com\/pt\/500kg-frozen-french-fries-production-line\/\" class=\"_self\" target=\"_self\" >Linha de produ\u00e7\u00e3o de batatas fritas congeladas de 500 kg<\/a><\/h4><\/div><\/div><\/div><\/div><\/div>\n<\/div>","protected":false},"excerpt":{"rendered":"<p>Temos uma linha de produ\u00e7\u00e3o de batatas fritas em v\u00e1rias escalas de venda quente, incluindo uma linha de produ\u00e7\u00e3o de batatas fritas de 200 kg\/h, uma linha de produ\u00e7\u00e3o de batatas fritas de 300 kg\/h... <\/p>\n<p class=\"read-more-container\"><a title=\"Linha de produ\u00e7\u00e3o de batatas fritas em v\u00e1rias escalas\" class=\"read-more button\" href=\"https:\/\/frenchfriesproductionlines.com\/pt\/various-scale-french-fries-production-line\/#more-2494\" aria-label=\"Leia mais sobre Linha de produ\u00e7\u00e3o de batatas fritas em v\u00e1rias escalas\">Ler mais<\/a><\/p>","protected":false},"author":2,"featured_media":0,"parent":0,"menu_order":0,"comment_status":"closed","ping_status":"closed","template":"","meta":{"footnotes":""},"class_list":{"0":"post-2494","1":"page","2":"type-page","3":"status-publish","5":"no-featured-image-padding"},"_links":{"self":[{"href":"https:\/\/frenchfriesproductionlines.com\/pt\/wp-json\/wp\/v2\/pages\/2494","targetHints":{"allow":["GET"]}}],"collection":[{"href":"https:\/\/frenchfriesproductionlines.com\/pt\/wp-json\/wp\/v2\/pages"}],"about":[{"href":"https:\/\/frenchfriesproductionlines.com\/pt\/wp-json\/wp\/v2\/types\/page"}],"author":[{"embeddable":true,"href":"https:\/\/frenchfriesproductionlines.com\/pt\/wp-json\/wp\/v2\/users\/2"}],"replies":[{"embeddable":true,"href":"https:\/\/frenchfriesproductionlines.com\/pt\/wp-json\/wp\/v2\/comments?post=2494"}],"version-history":[{"count":0,"href":"https:\/\/frenchfriesproductionlines.com\/pt\/wp-json\/wp\/v2\/pages\/2494\/revisions"}],"wp:attachment":[{"href":"https:\/\/frenchfriesproductionlines.com\/pt\/wp-json\/wp\/v2\/media?parent=2494"}],"curies":[{"name":"wp","href":"https:\/\/api.w.org\/{rel}","templated":true}]}}